{"id":63,"date":"2023-07-10T11:46:40","date_gmt":"2023-07-10T09:46:40","guid":{"rendered":"https:\/\/serwer2292899.home.pl\/autoinstalator\/wordpressplugins\/?page_id=63"},"modified":"2024-11-19T20:40:47","modified_gmt":"2024-11-19T19:40:47","slug":"pozyskiwanie-i-rozliczanie-dotacji-unijnych","status":"publish","type":"page","link":"https:\/\/iir.com.pl\/index.php\/pozyskiwanie-i-rozliczanie-dotacji-unijnych\/","title":{"rendered":"Pozyskiwanie dotacji unijnych"},"content":{"rendered":"\n<p>W ramach naszych us\u0142ug wspieramy klient\u00f3w w kompleksowym opracowaniu i realizacji projekt\u00f3w badawczo-rozwojowych, w tym w pozyskiwaniu funduszy europejskich. Towarzyszymy na ka\u017cdym etapie procesu \u2013 od analizy pomys\u0142u i oceny jego potencja\u0142u badawczo-rozwojowego, przez opracowanie pe\u0142nej dokumentacji aplikacyjnej, a\u017c po rozliczenie projektu i monitorowanie jego trwa\u0142o\u015bci.<\/p>\n\n\n\n<p>Ju\u017c na wczesnym etapie wsp\u00f3\u0142pracy skupiamy si\u0119 na tym, aby pomys\u0142 lub projekt naszego Klienta zosta\u0142 odpowiednio sformu\u0142owany jako projekt badawczo-rozwojowy, spe\u0142nia\u0142 kryteria innowacyjno\u015bci i mia\u0142 realne szanse na dofinansowanie oraz skuteczn\u0105 realizacj\u0119.<\/p>\n\n\n\n<p>Nasze dzia\u0142ania obejmuj\u0105:<\/p>\n\n\n\n<p>\u2022 identyfikacj\u0119 charakteru badawczo-rozwojowego projektu i okre\u015blenie potencja\u0142u B+R;<\/p>\n\n\n\n<p>\u2022 analiz\u0119 pomys\u0142u pod k\u0105tem innowacyjno\u015bci oraz spe\u0142nienia wymog\u00f3w niezb\u0119dnych do ubiegania si\u0119 o dotacje;<\/p>\n\n\n\n<p>\u2022 wsparcie merytoryczne w rozwoju koncepcji i przygotowaniu projektu B+R;<\/p>\n\n\n\n<p>\u2022 tworzenie harmonogram\u00f3w i bud\u017cet\u00f3w, w tym precyzyjne okre\u015blenie kwalifikowalnych koszt\u00f3w;<\/p>\n\n\n\n<p>\u2022 przygotowanie wniosku w oparciu o szczeg\u00f3\u0142ow\u0105 koncepcj\u0119 dzia\u0142a\u0144 badawczo-rozwojowych.<\/p>\n","protected":false},"excerpt":{"rendered":"<p>W ramach naszych us\u0142ug wspieramy klient\u00f3w w kompleksowym opracowaniu i realizacji projekt\u00f3w badawczo-rozwojowych, w tym [&hellip;]<\/p>\n","protected":false},"author":2,"featured_media":0,"parent":0,"menu_order":0,"comment_status":"closed","ping_status":"closed","template":"","meta":{"footnotes":""},"class_list":["post-63","page","type-page","status-publish","hentry"],"_links":{"self":[{"href":"https:\/\/iir.com.pl\/index.php\/wp-json\/wp\/v2\/pages\/63","targetHints":{"allow":["GET"]}}],"collection":[{"href":"https:\/\/iir.com.pl\/index.php\/wp-json\/wp\/v2\/pages"}],"about":[{"href":"https:\/\/iir.com.pl\/index.php\/wp-json\/wp\/v2\/types\/page"}],"author":[{"embeddable":true,"href":"https:\/\/iir.com.pl\/index.php\/wp-json\/wp\/v2\/users\/2"}],"replies":[{"embeddable":true,"href":"https:\/\/iir.com.pl\/index.php\/wp-json\/wp\/v2\/comments?post=63"}],"version-history":[{"count":5,"href":"https:\/\/iir.com.pl\/index.php\/wp-json\/wp\/v2\/pages\/63\/revisions"}],"predecessor-version":[{"id":258,"href":"https:\/\/iir.com.pl\/index.php\/wp-json\/wp\/v2\/pages\/63\/revisions\/258"}],"wp:attachment":[{"href":"https:\/\/iir.com.pl\/index.php\/wp-json\/wp\/v2\/media?parent=63"}],"curies":[{"name":"wp","href":"https:\/\/api.w.org\/{rel}","templated":true}]}}