{"id":329,"date":"2025-10-08T22:43:44","date_gmt":"2025-10-08T20:43:44","guid":{"rendered":"https:\/\/iir.com.pl\/?page_id=329"},"modified":"2025-10-08T22:45:03","modified_gmt":"2025-10-08T20:45:03","slug":"opracowywanie-strategii","status":"publish","type":"page","link":"https:\/\/iir.com.pl\/index.php\/opracowywanie-strategii\/","title":{"rendered":"OPRACOWYWANIE STRATEGII"},"content":{"rendered":"\n<p>Pomagamy organizacjom lepiej przygotowa\u0107 si\u0119 na przysz\u0142o\u015b\u0107.<\/p>\n\n\n\n<p><br>Specjalizujemy si\u0119 w <strong>foresighcie strategicznym<\/strong> i <strong>planowaniu scenariuszowym<\/strong> \u2013 metodach, kt\u00f3re pozwalaj\u0105 \u015bwiadomie kszta\u0142towa\u0107 przysz\u0142o\u015b\u0107, zamiast tylko na ni\u0105 reagowa\u0107.<\/p>\n\n\n\n<p><\/p>\n","protected":false},"excerpt":{"rendered":"<p>Pomagamy organizacjom lepiej przygotowa\u0107 si\u0119 na przysz\u0142o\u015b\u0107. Specjalizujemy si\u0119 w foresighcie strategicznym i planowaniu scenariuszowym [&hellip;]<\/p>\n","protected":false},"author":2,"featured_media":0,"parent":0,"menu_order":0,"comment_status":"closed","ping_status":"closed","template":"","meta":{"footnotes":""},"class_list":["post-329","page","type-page","status-publish","hentry"],"_links":{"self":[{"href":"https:\/\/iir.com.pl\/index.php\/wp-json\/wp\/v2\/pages\/329","targetHints":{"allow":["GET"]}}],"collection":[{"href":"https:\/\/iir.com.pl\/index.php\/wp-json\/wp\/v2\/pages"}],"about":[{"href":"https:\/\/iir.com.pl\/index.php\/wp-json\/wp\/v2\/types\/page"}],"author":[{"embeddable":true,"href":"https:\/\/iir.com.pl\/index.php\/wp-json\/wp\/v2\/users\/2"}],"replies":[{"embeddable":true,"href":"https:\/\/iir.com.pl\/index.php\/wp-json\/wp\/v2\/comments?post=329"}],"version-history":[{"count":2,"href":"https:\/\/iir.com.pl\/index.php\/wp-json\/wp\/v2\/pages\/329\/revisions"}],"predecessor-version":[{"id":332,"href":"https:\/\/iir.com.pl\/index.php\/wp-json\/wp\/v2\/pages\/329\/revisions\/332"}],"wp:attachment":[{"href":"https:\/\/iir.com.pl\/index.php\/wp-json\/wp\/v2\/media?parent=329"}],"curies":[{"name":"wp","href":"https:\/\/api.w.org\/{rel}","templated":true}]}}