{"id":2,"date":"2023-03-07T17:45:14","date_gmt":"2023-03-07T16:45:14","guid":{"rendered":"http:\/\/serwer2292899.home.pl\/autoinstalator\/wordpressplugins\/?page_id=2"},"modified":"2024-06-04T10:17:42","modified_gmt":"2024-06-04T08:17:42","slug":"przykladowa-strona","status":"publish","type":"page","link":"https:\/\/iir.com.pl\/index.php\/przykladowa-strona\/","title":{"rendered":"\u015acie\u017cka SMART"},"content":{"rendered":"\n<p>\u015acie\u017cka SMART to dofinansowania dost\u0119pne w ramach programu operacyjnego Fundusze Europejskie dla Nowoczesnej Gospodarki (FENG). W ramach \u015acie\u017cki SMART nale\u017cy realizowa\u0107 jeden z modu\u0142\u00f3w obligatoryjnych oraz dodatkowo mo\u017cna realizowa\u0107 wybrane modu\u0142y fakultatywne.<\/p>\n\n\n\n<p><em><strong>Modu\u0142y obligatoryjne<\/strong><\/em>:<\/p>\n\n\n\n<p>Modu\u0142 B+R<br><br>W ramach tego modu\u0142u przewidziano finansowanie koszt\u00f3w prac B+R (np. koszt\u00f3w wynagrodze\u0144 kadry badawczej zaanga\u017cowanej do realizacji projektu, koszty podwykonawstwa, koszty aparatury B+R, koszty budowy prototyp\u00f3w, linii pilota\u017cowych).<br><br>Modu\u0142 Wdro\u017cenie innowacji<br><br>Modu\u0142 ten pozwala na finansowanie inwestycji zwi\u0105zanych z wdro\u017ceniem innowacyjnych rozwi\u0105za\u0144 w dzia\u0142alno\u015bci firmy. Wdra\u017cane rozwi\u0105zania musz\u0105 si\u0119 charakteryzowa\u0107 nowo\u015bci\u0105 co najmniej na poziomie kraju.<br><br><em><strong>Modu\u0142y fakultatywne<\/strong><\/em>:<\/p>\n\n\n\n<p>Modu\u0142 Cyfryzacja<br><br>Dofinansowanie udzielane w ramach tego modu\u0142u jest zorientowane na wspieranie transformacji cyfrowej przedsi\u0119biorstw (dzia\u0142alno\u015bci produkcyjnej, modelu biznesowego, kwalifikowane b\u0119d\u0105 te\u017c inwestycje poprawiaj\u0105ce cyberbezpiecze\u0144stwo).<br><br>Modu\u0142 Zazielenienie przedsi\u0119biorstw<br><br>Celem modu\u0142u jest transformacja przedsi\u0119biorstw w kierunku zr\u00f3wnowa\u017conego rozwoju i gospodarki obiegu zamkni\u0119tego. Przyk\u0142adowe dzia\u0142ania podlegaj\u0105ce dofinansowaniu: ekoprojektowanie, przeprowadzanie oceny \u015bladu \u015brodowiskowego produktu.<br><br>Modu\u0142 Internacjonalizacja<br><br>Modu\u0142 jest adresowany do przedsi\u0119biorc\u00f3w zainteresowanych promocj\u0105 swoich produkt\u00f3w za granic\u0105. Kwalifikowane b\u0119d\u0105 m.in. koszty udzia\u0142u w tragach czy misjach zagranicznych. Dodatkowo b\u0119dzie mo\u017cna dofinansowa\u0107 koszty uzyskania ochrony praw w\u0142asno\u015bci przemys\u0142owej.<br><br>Modu\u0142 Infrastruktura B+R<br><br>Wybieraj\u0105c ten modu\u0142 przedsi\u0119biorcy mog\u0105 dofinansowa\u0107 utworzenie lub rozbudow\u0119 centrum B+R, mo\u017cliwe jest dofinansowanie inwestycji w infrastruktur\u0119 niezb\u0119dn\u0105 do realizacji agendy badawczej.<br><br>Modu\u0142 Kompetencje<\/p>\n\n\n\n<p>Decyduj\u0105c si\u0119 na ten modu\u0142 przedsi\u0119biorcy b\u0119d\u0105 mogli dofinansowa\u0107 w projekcie podnoszenie kompetencji pracownik\u00f3w oraz kadry zarz\u0105dzaj\u0105cej.<\/p>\n\n\n\n<p><strong><em>\u015acie\u017cka SMART &#8211; dla kogo?<\/em><\/strong><br><br>\u015acie\u017cka SMART jest kierowana do wszystkich przedsi\u0119biorstw niezale\u017cnie od wielko\u015bci. Projekty mog\u0105 by\u0107 realizowane samodzielnie lub w konsorcjum (z innymi firmami i\/lub organizacjami badawczymi).<\/p>\n\n\n\n<p><strong><em>Terminy nabor\u00f3w<\/em><\/strong>:<\/p>\n\n\n\n<figure class=\"wp-block-table\"><table><tbody><tr><td>Przedsi\u0119biorstwa<\/td><td>06.2024 \u2013 10.2024<\/td><\/tr><tr><td>Konsorcja przedsi\u0119biorstw i jednostek naukowych<\/td><td>15.12.2023 \u2013 08.02.2024<\/td><\/tr><tr><td>Konsorcja przedsi\u0119biorstw<\/td><td>04.2024 \u2013 05.2024<\/td><\/tr><\/tbody><\/table><\/figure>\n","protected":false},"excerpt":{"rendered":"<p>\u015acie\u017cka SMART to dofinansowania dost\u0119pne w ramach programu operacyjnego Fundusze Europejskie dla Nowoczesnej Gospodarki (FENG). [&hellip;]<\/p>\n","protected":false},"author":3,"featured_media":0,"parent":0,"menu_order":0,"comment_status":"closed","ping_status":"open","template":"","meta":{"footnotes":""},"class_list":["post-2","page","type-page","status-publish","hentry"],"_links":{"self":[{"href":"https:\/\/iir.com.pl\/index.php\/wp-json\/wp\/v2\/pages\/2","targetHints":{"allow":["GET"]}}],"collection":[{"href":"https:\/\/iir.com.pl\/index.php\/wp-json\/wp\/v2\/pages"}],"about":[{"href":"https:\/\/iir.com.pl\/index.php\/wp-json\/wp\/v2\/types\/page"}],"author":[{"embeddable":true,"href":"https:\/\/iir.com.pl\/index.php\/wp-json\/wp\/v2\/users\/3"}],"replies":[{"embeddable":true,"href":"https:\/\/iir.com.pl\/index.php\/wp-json\/wp\/v2\/comments?post=2"}],"version-history":[{"count":5,"href":"https:\/\/iir.com.pl\/index.php\/wp-json\/wp\/v2\/pages\/2\/revisions"}],"predecessor-version":[{"id":217,"href":"https:\/\/iir.com.pl\/index.php\/wp-json\/wp\/v2\/pages\/2\/revisions\/217"}],"wp:attachment":[{"href":"https:\/\/iir.com.pl\/index.php\/wp-json\/wp\/v2\/media?parent=2"}],"curies":[{"name":"wp","href":"https:\/\/api.w.org\/{rel}","templated":true}]}}